{"id":68,"date":"2021-02-15T23:19:08","date_gmt":"2021-02-15T22:19:08","guid":{"rendered":"http:\/\/polnor-leader.eu\/?page_id=68"},"modified":"2025-04-07T14:09:32","modified_gmt":"2025-04-07T12:09:32","slug":"project-goals","status":"publish","type":"page","link":"https:\/\/polnor-leader.eu\/?page_id=68","title":{"rendered":"CELE PROJEKTU"},"content":{"rendered":"\n<p><ol>\n<li>Osi\u0105gni\u0119cie samowystarczalno\u015bci energetycznej lub co najmniej wyd\u0142u\u017conego czasu lotu.<\/li>\n<li>Opracowanie konstrukcji no\u015bnej p\u0142atowca o wysokiej wytrzyma\u0142o\u015bci na rozci\u0105ganie w celu osi\u0105gni\u0119cia odpowiednich parametr\u00f3w funkcjonalnych.<\/li>\n<li>Uzyskanie odpowiedniej no\u015bno\u015bci przy jednoczesnym drastycznym zminimalizowaniu masy konstrukcji no\u015bnych.<\/li>\n<li>Opracowanie system\u00f3w funkcjonalnych UAV, kt\u00f3re pozwalaj\u0105 na maksymalne wykorzystanie okre\u015blonych parametr\u00f3w lotu, zmienno\u015b\u0107 na du\u017cych wysoko\u015bciach i ma\u0142\u0105 pr\u0119dko\u015b\u0107 przelotow\u0105.<\/li>\n<li>Opracowanie r\u00f3\u017cnego rodzaju czujnik\u00f3w umo\u017cliwiaj\u0105cych pomiary zanieczyszcze\u0144 atmosferycznych zar\u00f3wno w dzie\u0144, jak i w nocy<\/li>\n<\/ol><\/p>\n\n\n\n<p><\/p>\n","protected":false},"excerpt":{"rendered":"<p>Osi\u0105gni\u0119cie samowystarczalno\u015bci energetycznej lub co najmniej wyd\u0142u\u017conego czasu lotu. Opracowanie konstrukcji no\u015bnej p\u0142atowca o wysokiej wytrzyma\u0142o\u015bci na rozci\u0105ganie w celu osi\u0105gni\u0119cia odpowiednich parametr\u00f3w funkcjonalnych. Uzyskanie odpowiedniej no\u015bno\u015bci przy jednoczesnym drastycznym zminimalizowaniu masy konstrukcji no\u015bnych. Opracowanie system\u00f3w funkcjonalnych UAV, kt\u00f3re pozwalaj\u0105 na maksymalne wykorzystanie okre\u015blonych parametr\u00f3w lotu, zmienno\u015b\u0107 na du\u017cych wysoko\u015bciach i ma\u0142\u0105 pr\u0119dko\u015b\u0107 przelotow\u0105. Opracowanie &hellip; <\/p>\n<p class=\"link-more\"><a href=\"https:\/\/polnor-leader.eu\/?page_id=68\" class=\"more-link\">Continue reading<span class=\"screen-reader-text\"> &#8220;CELE PROJEKTU&#8221;<\/span><\/a><\/p>\n","protected":false},"author":1,"featured_media":0,"parent":0,"menu_order":0,"comment_status":"closed","ping_status":"closed","template":"","meta":{"footnotes":""},"class_list":["post-68","page","type-page","status-publish","hentry"],"_links":{"self":[{"href":"https:\/\/polnor-leader.eu\/index.php?rest_route=\/wp\/v2\/pages\/68","targetHints":{"allow":["GET"]}}],"collection":[{"href":"https:\/\/polnor-leader.eu\/index.php?rest_route=\/wp\/v2\/pages"}],"about":[{"href":"https:\/\/polnor-leader.eu\/index.php?rest_route=\/wp\/v2\/types\/page"}],"author":[{"embeddable":true,"href":"https:\/\/polnor-leader.eu\/index.php?rest_route=\/wp\/v2\/users\/1"}],"replies":[{"embeddable":true,"href":"https:\/\/polnor-leader.eu\/index.php?rest_route=%2Fwp%2Fv2%2Fcomments&post=68"}],"version-history":[{"count":8,"href":"https:\/\/polnor-leader.eu\/index.php?rest_route=\/wp\/v2\/pages\/68\/revisions"}],"predecessor-version":[{"id":889,"href":"https:\/\/polnor-leader.eu\/index.php?rest_route=\/wp\/v2\/pages\/68\/revisions\/889"}],"wp:attachment":[{"href":"https:\/\/polnor-leader.eu\/index.php?rest_route=%2Fwp%2Fv2%2Fmedia&parent=68"}],"curies":[{"name":"wp","href":"https:\/\/api.w.org\/{rel}","templated":true}]}}