{"id":655,"date":"2024-06-20T06:02:43","date_gmt":"2024-06-20T04:02:43","guid":{"rendered":"https:\/\/polnor-leader.eu\/?page_id=655"},"modified":"2024-10-12T10:47:41","modified_gmt":"2024-10-12T08:47:41","slug":"konferencja-finalowa","status":"publish","type":"page","link":"https:\/\/polnor-leader.eu\/?page_id=655","title":{"rendered":"Konferencja fina\u0142owa"},"content":{"rendered":"\t\t<div data-elementor-type=\"wp-page\" data-elementor-id=\"655\" class=\"elementor elementor-655\">\n\t\t\t\t\t\t<section class=\"elementor-section elementor-top-section elementor-element elementor-element-1728607 elementor-section-boxed elementor-section-height-default elementor-section-height-default\" data-id=\"1728607\" data-element_type=\"section\" data-e-type=\"section\">\n\t\t\t\t\t\t<div class=\"elementor-container elementor-column-gap-default\">\n\t\t\t\t\t<div class=\"elementor-column elementor-col-100 elementor-top-column elementor-element elementor-element-e724161\" data-id=\"e724161\" data-element_type=\"column\" data-e-type=\"column\">\n\t\t\t<div class=\"elementor-widget-wrap elementor-element-populated\">\n\t\t\t\t\t\t<div class=\"elementor-element elementor-element-6c28922 elementor-widget elementor-widget-text-editor\" data-id=\"6c28922\" data-element_type=\"widget\" data-e-type=\"widget\" data-widget_type=\"text-editor.default\">\n\t\t\t\t<div class=\"elementor-widget-container\">\n\t\t\t\t\t\t\t\t\t<p style=\"text-align: justify;\">Serdecznie zapraszamy na fina\u0142ow\u0105 konferencj\u0119 projektu POLNOR-LEADER pt. \u201eDrony HALE do zbierania danych o jako\u015bci powietrza o wysokiej rozdzielczo\u015bci przestrzennej i czasowej\u201d, kt\u00f3ra odb\u0119dzie si\u0119 <a href=\"https:\/\/polnor-leader.eu\/wp-content\/uploads\/2024\/06\/POLNOR-LEADER-Final-Conference.ics\">26 czerwca 2024 roku w godzinach 10:00-13:00 w sali 36, ul. Konarskiego 18a, 44-100 Gliwice<\/a>. Wydarzenie b\u0119dzie r\u00f3wnie\u017c dost\u0119pne online \u2013 <a href=\"https:\/\/tiny.pl\/DJRVN\">link do zdalnego udzia\u0142u<\/a> znajduje si\u0119 w kodzie QR na <a href=\"https:\/\/polnor-leader.eu\/wp-content\/uploads\/2024\/06\/POLNOR-LEADER_conference_leaflet.pdf\">ulotce konferencyjnej<\/a>.<\/p><p style=\"text-align: justify;\">Podczas konferencji zaprezentujemy ostateczne wyniki naszych bada\u0144 nad wykorzystaniem dron\u00f3w HALE do monitorowania \u015brodowiska. Program obejmuje prezentacje na temat:<\/p><ul><li style=\"list-style-type: none;\"><ul><li><a href=\"https:\/\/polnor-leader.eu\/wp-content\/uploads\/2024\/10\/01_WMoczulski-Intro.pdf\">Long-endurance UAV for collecting air quality data with high spatial and temporal resolutions: An overview<\/a><\/li><li>Hale Altitude Long Endurance Unmanned Aerial Vehicles<\/li><li>Advanced design and technological solutions of Twin Stratos family UAVs<\/li><li>Methodology to unlimited flight endurance<\/li><li><a href=\"https:\/\/polnor-leader.eu\/wp-content\/uploads\/2024\/10\/05_MKosior-APP_algorithms.pdf\">Introduction to path planning algorithms for adaptive pollution sampling<\/a><\/li><li><a href=\"https:\/\/polnor-leader.eu\/wp-content\/uploads\/2024\/10\/06_MKosior-APP_examples.pdf\">Mission Planning for Adaptive Pollution Sampling &#8211; Examples<\/a><\/li><li><a href=\"https:\/\/polnor-leader.eu\/wp-content\/uploads\/2024\/10\/07_MarkowiczLIDER_WP3__Title.pdf\">Collecting Air Quality Data with High Spatial and Temporal Resolution<\/a><\/li><li><a href=\"https:\/\/polnor-leader.eu\/wp-content\/uploads\/2024\/10\/08_MarkowiczLIDER_WP4__Title.pdf\">Profiling Air Pollution with LEADER Project Systems &#8211; Preliminary Results<\/a><\/li><li><a href=\"https:\/\/polnor-leader.eu\/wp-content\/uploads\/2024\/10\/09_AUDIO_PZ_Initial_Static_Stability_Analysis_for_Composite_UAVs.pdf\">Initial static stability analysis for a composite Unmanned Aerial Vehicle<\/a><\/li><li><a href=\"https:\/\/polnor-leader.eu\/wp-content\/uploads\/2024\/10\/10_TS110.pdf\">TS110 Research Platform<\/a><\/li><li><a href=\"https:\/\/polnor-leader.eu\/wp-content\/uploads\/2024\/10\/11_TS17.pdf\">Evaluation of data from flights of UAV TS17<\/a><\/li><li><a href=\"https:\/\/polnor-leader.eu\/wp-content\/uploads\/2024\/10\/12_MPaszkuta.pdf\">Tests of Satellite Link for Flight Monitoring and Measurement Transmission<\/a><\/li><li><a href=\"https:\/\/polnor-leader.eu\/wp-content\/uploads\/2024\/10\/13_WMoczulski-Further_applications.pdf\">Further applications of HALE UAVs<\/a><\/li><\/ul><\/li><\/ul><p>Kontakt: <a href=\"mailto:piotr.przystalka@polsl.pl\">piotr.przystalka@polsl.pl<\/a><\/p>\t\t\t\t\t\t\t\t<\/div>\n\t\t\t\t<\/div>\n\t\t\t\t\t<\/div>\n\t\t<\/div>\n\t\t\t\t\t<\/div>\n\t\t<\/section>\n\t\t\t\t<\/div>\n\t\t","protected":false},"excerpt":{"rendered":"<p>Serdecznie zapraszamy na fina\u0142ow\u0105 konferencj\u0119 projektu POLNOR-LEADER pt. \u201eDrony HALE do zbierania danych o jako\u015bci powietrza o wysokiej rozdzielczo\u015bci przestrzennej i czasowej\u201d, kt\u00f3ra odb\u0119dzie si\u0119 26 czerwca 2024 roku w godzinach 10:00-13:00 w sali 36, ul. Konarskiego 18a, 44-100 Gliwice. Wydarzenie b\u0119dzie r\u00f3wnie\u017c dost\u0119pne online \u2013 link do zdalnego udzia\u0142u znajduje si\u0119 w kodzie QR &hellip; <\/p>\n<p class=\"link-more\"><a href=\"https:\/\/polnor-leader.eu\/?page_id=655\" class=\"more-link\">Continue reading<span class=\"screen-reader-text\"> &#8220;Konferencja fina\u0142owa&#8221;<\/span><\/a><\/p>\n","protected":false},"author":1,"featured_media":0,"parent":0,"menu_order":0,"comment_status":"closed","ping_status":"closed","template":"","meta":{"footnotes":""},"class_list":["post-655","page","type-page","status-publish","hentry"],"_links":{"self":[{"href":"https:\/\/polnor-leader.eu\/index.php?rest_route=\/wp\/v2\/pages\/655","targetHints":{"allow":["GET"]}}],"collection":[{"href":"https:\/\/polnor-leader.eu\/index.php?rest_route=\/wp\/v2\/pages"}],"about":[{"href":"https:\/\/polnor-leader.eu\/index.php?rest_route=\/wp\/v2\/types\/page"}],"author":[{"embeddable":true,"href":"https:\/\/polnor-leader.eu\/index.php?rest_route=\/wp\/v2\/users\/1"}],"replies":[{"embeddable":true,"href":"https:\/\/polnor-leader.eu\/index.php?rest_route=%2Fwp%2Fv2%2Fcomments&post=655"}],"version-history":[{"count":22,"href":"https:\/\/polnor-leader.eu\/index.php?rest_route=\/wp\/v2\/pages\/655\/revisions"}],"predecessor-version":[{"id":870,"href":"https:\/\/polnor-leader.eu\/index.php?rest_route=\/wp\/v2\/pages\/655\/revisions\/870"}],"wp:attachment":[{"href":"https:\/\/polnor-leader.eu\/index.php?rest_route=%2Fwp%2Fv2%2Fmedia&parent=655"}],"curies":[{"name":"wp","href":"https:\/\/api.w.org\/{rel}","templated":true}]}}