{"id":623,"date":"2024-05-15T15:26:50","date_gmt":"2024-05-15T13:26:50","guid":{"rendered":"https:\/\/polnor-leader.eu\/?page_id=623"},"modified":"2024-10-11T15:39:28","modified_gmt":"2024-10-11T13:39:28","slug":"publications","status":"publish","type":"page","link":"https:\/\/polnor-leader.eu\/?page_id=623&lang=en","title":{"rendered":"PUBLICATIONS"},"content":{"rendered":"\t\t<div data-elementor-type=\"wp-page\" data-elementor-id=\"623\" class=\"elementor elementor-623\">\n\t\t\t\t\t\t<section class=\"elementor-section elementor-top-section elementor-element elementor-element-ff21112 elementor-section-boxed elementor-section-height-default elementor-section-height-default\" data-id=\"ff21112\" data-element_type=\"section\" data-e-type=\"section\">\n\t\t\t\t\t\t<div class=\"elementor-container elementor-column-gap-default\">\n\t\t\t\t\t<div class=\"elementor-column elementor-col-100 elementor-top-column elementor-element elementor-element-719b6ab\" data-id=\"719b6ab\" data-element_type=\"column\" data-e-type=\"column\">\n\t\t\t<div class=\"elementor-widget-wrap elementor-element-populated\">\n\t\t\t\t\t\t<div class=\"elementor-element elementor-element-c84a61c elementor-widget elementor-widget-text-editor\" data-id=\"c84a61c\" data-element_type=\"widget\" data-e-type=\"widget\" data-widget_type=\"text-editor.default\">\n\t\t\t\t<div class=\"elementor-widget-container\">\n\t\t\t\t\t\t\t\t\t<ol><li><p>Kosior Mateusz, Przysta\u0142ka Piotr, Panfil Wawrzyniec, Moczulski Wojciech, Sivertsen Agnar H.: <em>A preliminary study on local path planning algorithms for high-altitude long endurance UAVs<\/em>, W: Post\u0119py robotyki. T. 1 \/ Mazur Alicja, Zieli\u0144ski Cezary (red.), Prace Naukowe Politechniki Warszawskiej. Elektronika, nr 197, 2022, Politechnika Warszawska, ISBN 978-83-8156-410-6, s. 93-104<\/p><\/li><li><p>Kosior Mateusz, Przysta\u0142ka Piotr, Panfil Wawrzyniec: <em>Wind forecast map for adaptive path planning with an unmanned aerial vehicle<\/em> , W: Metody komputerowe &#8211; 2022. Studencka konferencja naukowa, Gliwice, czerwiec 2022 \/ Fedeli\u0144ski Piotr, Dziatkiewicz Grzegorz, Ptaszny Jacek (red.), 2022, Politechnika \u015al\u0105ska, ISBN 978-83-951185-3-1, s. 69-72<\/p><\/li><li><p>Kosior Mateusz: <em>A glimpse into the adaptive path planner for a UAV<\/em>, W: Proceedings of the 3rd Polish Conference on Artificial Intelligence, April 25-27, 2022, Gdynia, Poland, 2022, Uniwersytet Morski w Gdyni, ISBN 978-83-7421-401-8, s. 94-97<\/p><\/li><li><p>Kumpati Ramesh, Skarka Wojciech, Dolata Anna, Dyzia Maciej, Skarka Micha\u0142, Zenowicz Kamil: <em>Enhancement of the stability of composite sandwich material for unmanned aerial vehicle wing panel<\/em>, W: Proceedings M2D2022 &#8211; 9th International Conference on Mechanics and Materials in Design, Funchal\/Portugal 26-30 June 2022 \/ Gomes J. F. SIlva, Meguid Shaker A. (red.), 2022, INEGI-Instituto de Ci\u00eancia e Inova\u00e7\u00e3o em Engenharia Mec\u00e2nica e Gest\u00e3o Industria, ISBN 978-989-54756-3-6, s. 127-136<\/p><\/li><li><p>Mateja Krzysztof, Skarka Wojciech, Dryga\u0142a Aleksandra: <em>Efficiency decreases in a laminated solar cell developed for a UAV<\/em>, Materials, MDPIAG, vol. 15, nr 24, 2022, Numer artyku\u0142u: 8774, s. 1-16, DOI:10.3390\/ma15248774, IF(3,4)<\/p><\/li><li><p>Mateja Krzysztof, Skarka Wojciech: <em>Simulation model of solar powered UAV, W: Transdisciplinarity and the future of engineering<\/em>. Proceedings of the 29th International Society of Transdisciplinary Engineering (ISTE) Global Conference, July 5 &#8211; July 8, 2022, Cambridge, MA, USA \/ Moser Bryan R. , Koomsap Pisut, Stjepandi\u0107 Josip (red.), Advances in Transdisciplinary Engineering, vol. 28, 2022, IOS Press, ISBN 978-1-64368-338-6, s. 443-452, DOI:10.3233\/atde220674<\/p><\/li><li><p><span style=\"font-size: 1rem;\">Moczulski Wojciech: <em>Autonomous systems control aided by Virtual Teleportation of remote operator<\/em>, IFAC-PapersOnLine, Elsevier Ltd., vol. 55, nr 14, 2022, s. 59-64, DOI:10.1016\/j.ifacol.2022.07.583<\/span><\/p><\/li><li><p>Moczulski Wojciech: <em>Application of virtual teleportation techniques for monitoring, supervising, diagnosing and controlling objects and processes<\/em> (in Polish: <em>Zastosowanie technik wirtualnej teleportacji do monitorowania, nadzorowania, diagnozowania i sterowania obiekt\u00f3w i proces\u00f3w<\/em>), W: Diagnostyka Materia\u0142\u00f3w Polimerowych. X Konferencja Naukowo-Techniczna, Gliwice-Mal\u00e9, 15-22 stycze\u0144 2022, s. 15<\/p><\/li><li><p>Peciak Magdalena, Skarka Wojciech: <em>Assessment of the potential of electric propulsion for general aviation using model-based system engineering (MBSE) methodology<\/em>, Aerospace, MDPI, vol. 9, nr 2, 2022, Numer artyku\u0142u: 74, s. 1-22, DOI:10.3390\/aerospace9020074, IF(2,6)<\/p><\/li><li><p>Micha\u0142 Sobota, Skarka Wojciech: <em>Multi-objective optimization of composite structure using rule-based parametrization<\/em>, W: Transdisciplinarity and the future of engineering. Proceedings of the 29th International Society of Transdisciplinary Engineering (ISTE) Global Conference, July 5 &#8211; July 8, 2022, Cambridge, MA, USA \/ Moser Bryan R. , Koomsap Pisut, Stjepandi\u0107 Josip (red.), Advances in Transdisciplinary Engineering, vol. 28, 2022, IOS Press, ISBN 978-1-64368-338-6, s. 453-462, DOI:10.3233\/atde220675<\/p><\/li><li><p>Zenowicz Paulina, Moczulski Wojciech, Dudnik Vitaly: <em>Optimization of properties of a composite UAV with regard to its stability and controllability in the flight<\/em> (in Polish: <em>Optymalizacja w\u0142asno\u015bci kompozytowego BSP w zakresie jego stateczno\u015bci i sterowalno\u015bci w locie<\/em>), W: Diagnostyka Materia\u0142\u00f3w Polimerowych. X Konferencja Naukowo-Techniczna, Gliwice-Mal\u00e9, 15-22 stycze\u0144 2022, 2022, s. 27<\/p><\/li><li><p>Mateja Krzysztof, Skarka Wojciech, Peciak Magdalena, Niestr\u00f3j Roman, Gude Maik: <em>Energy autonomy simulation model of solar powered UAV<\/em>, Energies, MDPI, vol. 16, nr 1, 2023, Numer artyku\u0142u: 479, s. 1-29, DOI:10.3390\/en16010479, IF(3)<\/p><\/li><li><p>Moczulski Wojciech, Mielniczek Patryk: <em>Autonomous system incidentally controlled by a remote operator: ethodological basis and preliminary experimental verification<\/em> (in Polish: <em>System autonomiczny incydentalnie sterowany przez zdalnego operatora: podstawy metodyczne i wst\u0119pna weryfikacja eksperymentalna<\/em>), W: Diagnostyka Materia\u0142\u00f3w Polimerowych. XI Konferencja Naukowo-Techniczna, Gliwice-Mal\u00e9, 114-21 stycze\u0144 2023, 2023, s. 41-41<\/p><\/li><li><p>Moczulski Wojciech: <em>Autonomous systems incidentally controlled by a remote operator<\/em>, W: Intelligent and safe computer systems in control and diagnostics. \/ Kowalczuk Zdzis\u0142aw (red.), Lecture Notes in Networks and Systems, 2023, Springer, ISBN 978-3-031-16158-2, s. 437-448, DOI:10.1007\/978-3-031-16159-9_35<\/p><\/li><li><p>Peciak Magdalena, Skarka Wojciech, Mateja Krzysztof, Gude Maik: <em>Impact analysis of solar cells on vertical take-off and landing (VTOL) fixed-wing UAV<\/em>, Aerospace, MDPI, vol. 10, nr 3, 2023, Numer artyku\u0142u: 247, s. 1-14, DOI:10.3390\/aerospace10030247, IF(2,1)<\/p><\/li><li><p><span style=\"font-size: 1rem;\">Skarka Wojciech, Nalepa Rafa\u0142, Musik Robert: <em>Integrated aircraft design system based on generative modelling<\/em>, Aerospace, MDPI, vol. 10, nr 8, 2023, Numer artyku\u0142u: 677, s. 1-23, DOI:10.3390\/aerospace10080677, IF(2,1)<\/span><\/p><\/li><li><p><span style=\"font-size: 1rem;\">Skarka Wojciech: <em>A method of integrating design information in the aircraft preliminary design process<\/em>, W: Leveraging Transdisciplinary Engineering in a Changing and Connected World. Proceedings of the 30th ISTE International Conference on Transdisciplinary Engineering, Hua Hin Cha Am, Thailand, July 11\u201314, 2023 \/ Koomsap Pisut, Cooper Adam, Stjepandi\u0107 Josip (red.), Advances in Transdisciplinary Engineering, vol. 41, 2023, IOS Press, ISBN 978-1-64368-440-6, s. 62-71, DOI:10.3233\/ATDE230598<\/span><\/p><\/li><li><p><span style=\"font-size: 1rem;\">Zenowicz Paulina, Moczulski Wojciech: <em>Methodology of testing the influence of the UAV composite tail configuration on its flight behavior<\/em> (in Polish: <em>Metodyka bada\u0144 wp\u0142ywu konfiguracji usterzenia kompozytowego bsp na jego zachowanie w locie<\/em>), W: Diagnostyka Materia\u0142\u00f3w Polimerowych. XI Konferencja Naukowo-Techniczna, Gliwice-Mal\u00e9, 114-21 stycze\u0144 2023, 2023, s. 58-58<\/span><\/p><\/li><li><p>Skarka Wojciech, Mateja Krzysztof: <em>Long endurance and continuous flight UAVs &#8211; model-based design approach<\/em>, W: 2nd International Conference on Unmanned Vehicle Systems, 12-14 February 2024, Sultan Qaboos University, Muscat, Oman \/ Al-Hashim Aliya[i in.](red.), 2024, Institute of Electrical and Electronics Engineers, ISBN 979-8-3503-7255-7, s. 1-6, DOI:10.1109\/UVS59630.2024.10467148<\/p><\/li><\/ol>\t\t\t\t\t\t\t\t<\/div>\n\t\t\t\t<\/div>\n\t\t\t\t\t<\/div>\n\t\t<\/div>\n\t\t\t\t\t<\/div>\n\t\t<\/section>\n\t\t\t\t<\/div>\n\t\t","protected":false},"excerpt":{"rendered":"<p>Kosior Mateusz, Przysta\u0142ka Piotr, Panfil Wawrzyniec, Moczulski Wojciech, Sivertsen Agnar H.: A preliminary study on local path planning algorithms for high-altitude long endurance UAVs, W: Post\u0119py robotyki. T. 1 \/ Mazur Alicja, Zieli\u0144ski Cezary (red.), Prace Naukowe Politechniki Warszawskiej. Elektronika, nr 197, 2022, Politechnika Warszawska, ISBN 978-83-8156-410-6, s. 93-104 Kosior Mateusz, Przysta\u0142ka Piotr, Panfil Wawrzyniec: &hellip; <\/p>\n<p class=\"link-more\"><a href=\"https:\/\/polnor-leader.eu\/?page_id=623&#038;lang=en\" class=\"more-link\">Continue reading<span class=\"screen-reader-text\"> &#8220;PUBLICATIONS&#8221;<\/span><\/a><\/p>\n","protected":false},"author":1,"featured_media":0,"parent":0,"menu_order":0,"comment_status":"closed","ping_status":"closed","template":"","meta":{"footnotes":""},"class_list":["post-623","page","type-page","status-publish","hentry"],"_links":{"self":[{"href":"https:\/\/polnor-leader.eu\/index.php?rest_route=\/wp\/v2\/pages\/623","targetHints":{"allow":["GET"]}}],"collection":[{"href":"https:\/\/polnor-leader.eu\/index.php?rest_route=\/wp\/v2\/pages"}],"about":[{"href":"https:\/\/polnor-leader.eu\/index.php?rest_route=\/wp\/v2\/types\/page"}],"author":[{"embeddable":true,"href":"https:\/\/polnor-leader.eu\/index.php?rest_route=\/wp\/v2\/users\/1"}],"replies":[{"embeddable":true,"href":"https:\/\/polnor-leader.eu\/index.php?rest_route=%2Fwp%2Fv2%2Fcomments&post=623"}],"version-history":[{"count":13,"href":"https:\/\/polnor-leader.eu\/index.php?rest_route=\/wp\/v2\/pages\/623\/revisions"}],"predecessor-version":[{"id":851,"href":"https:\/\/polnor-leader.eu\/index.php?rest_route=\/wp\/v2\/pages\/623\/revisions\/851"}],"wp:attachment":[{"href":"https:\/\/polnor-leader.eu\/index.php?rest_route=%2Fwp%2Fv2%2Fmedia&parent=623"}],"curies":[{"name":"wp","href":"https:\/\/api.w.org\/{rel}","templated":true}]}}