{"id":31,"date":"2021-02-13T12:12:01","date_gmt":"2021-02-13T11:12:01","guid":{"rendered":"http:\/\/polnor-leader.eu\/?page_id=31"},"modified":"2022-02-27T17:28:29","modified_gmt":"2022-02-27T16:28:29","slug":"o_nas","status":"publish","type":"page","link":"https:\/\/polnor-leader.eu\/?page_id=31","title":{"rendered":"O NAS"},"content":{"rendered":"\t\t<div data-elementor-type=\"wp-page\" data-elementor-id=\"31\" class=\"elementor elementor-31\">\n\t\t\t\t\t\t<section class=\"elementor-section elementor-top-section elementor-element elementor-element-590a22d elementor-section-boxed elementor-section-height-default elementor-section-height-default\" data-id=\"590a22d\" data-element_type=\"section\" data-e-type=\"section\">\n\t\t\t\t\t\t<div class=\"elementor-container elementor-column-gap-default\">\n\t\t\t\t\t<div class=\"elementor-column elementor-col-100 elementor-top-column elementor-element elementor-element-4487b326\" data-id=\"4487b326\" data-element_type=\"column\" data-e-type=\"column\">\n\t\t\t<div class=\"elementor-widget-wrap elementor-element-populated\">\n\t\t\t\t\t\t<div class=\"elementor-element elementor-element-799b35a0 elementor-widget elementor-widget-text-editor\" data-id=\"799b35a0\" data-element_type=\"widget\" data-e-type=\"widget\" data-widget_type=\"text-editor.default\">\n\t\t\t\t<div class=\"elementor-widget-container\">\n\t\t\t\t\t\t\t\t\t\n<h2 id=\"c12\" class=\"oBOnKe\"><span class=\"JLqJ4b ChMk0b\" style=\"color: #333333; font-size: 1rem;\" data-language-for-alternatives=\"pl\" data-language-to-translate-into=\"en\" data-phrase-index=\"0\" data-number-of-phrases=\"9\">W sk\u0142ad konsorcjum projektu wchodz\u0105:<\/span><\/h2>\n<ul>\n<li class=\"oBOnKe\">\n<p><strong><span class=\"JLqJ4b ChMk0b\" style=\"color: #000000; font-size: 1rem;\" data-language-for-alternatives=\"pl\" data-language-to-translate-into=\"en\" data-phrase-index=\"2\" data-number-of-phrases=\"9\"><a href=\"https:\/\/polnor-leader.eu\/?page_id=114\">Politechnika \u015al\u0105ska<\/a>,<\/span><\/strong><\/p>\n<\/li>\n<li class=\"oBOnKe\">\n<p><strong><a href=\"https:\/\/polnor-leader.eu\/?page_id=115\"><span style=\"color: #000000;\">SKYTECH ELAB SP. Z O.O. <\/span><\/a><\/strong><\/p>\n<\/li>\n<li class=\"oBOnKe\">\n<p><strong><span style=\"color: #000000;\"><a href=\"https:\/\/polnor-leader.eu\/?page_id=116\"><span class=\"JLqJ4b ChMk0b\" style=\"font-size: 1rem;\" data-language-for-alternatives=\"pl\" data-language-to-translate-into=\"en\" data-phrase-index=\"6\" data-number-of-phrases=\"9\">Uniwersytet Warszawski,<\/span><\/a><\/span><\/strong><\/p>\n<\/li>\n<li>\n<p><strong><a href=\"https:\/\/polnor-leader.eu\/?page_id=117\"><span style=\"color: #000000;\">NORCE \u2013 NORUT.<\/span><\/a><\/strong><\/p>\n<\/li>\n<\/ul>\n\t\t\t\t\t\t\t\t<\/div>\n\t\t\t\t<\/div>\n\t\t\t\t\t<\/div>\n\t\t<\/div>\n\t\t\t\t\t<\/div>\n\t\t<\/section>\n\t\t\t\t<\/div>\n\t\t","protected":false},"excerpt":{"rendered":"<p>W sk\u0142ad konsorcjum projektu wchodz\u0105: Politechnika \u015al\u0105ska, SKYTECH ELAB SP. Z O.O. Uniwersytet Warszawski, NORCE \u2013 NORUT.<\/p>\n","protected":false},"author":1,"featured_media":0,"parent":0,"menu_order":0,"comment_status":"closed","ping_status":"closed","template":"","meta":{"footnotes":""},"class_list":["post-31","page","type-page","status-publish","hentry"],"_links":{"self":[{"href":"https:\/\/polnor-leader.eu\/index.php?rest_route=\/wp\/v2\/pages\/31","targetHints":{"allow":["GET"]}}],"collection":[{"href":"https:\/\/polnor-leader.eu\/index.php?rest_route=\/wp\/v2\/pages"}],"about":[{"href":"https:\/\/polnor-leader.eu\/index.php?rest_route=\/wp\/v2\/types\/page"}],"author":[{"embeddable":true,"href":"https:\/\/polnor-leader.eu\/index.php?rest_route=\/wp\/v2\/users\/1"}],"replies":[{"embeddable":true,"href":"https:\/\/polnor-leader.eu\/index.php?rest_route=%2Fwp%2Fv2%2Fcomments&post=31"}],"version-history":[{"count":17,"href":"https:\/\/polnor-leader.eu\/index.php?rest_route=\/wp\/v2\/pages\/31\/revisions"}],"predecessor-version":[{"id":346,"href":"https:\/\/polnor-leader.eu\/index.php?rest_route=\/wp\/v2\/pages\/31\/revisions\/346"}],"wp:attachment":[{"href":"https:\/\/polnor-leader.eu\/index.php?rest_route=%2Fwp%2Fv2%2Fmedia&parent=31"}],"curies":[{"name":"wp","href":"https:\/\/api.w.org\/{rel}","templated":true}]}}