{"id":117,"date":"2021-03-18T11:04:26","date_gmt":"2021-03-18T10:04:26","guid":{"rendered":"https:\/\/polnor-leader.eu\/?page_id=117"},"modified":"2022-02-27T17:37:12","modified_gmt":"2022-02-27T16:37:12","slug":"norce-norut","status":"publish","type":"page","link":"https:\/\/polnor-leader.eu\/?page_id=117","title":{"rendered":"NORCE \u2013 NORUT"},"content":{"rendered":"\t\t<div data-elementor-type=\"wp-page\" data-elementor-id=\"117\" class=\"elementor elementor-117\">\n\t\t\t\t\t\t<section class=\"elementor-section elementor-top-section elementor-element elementor-element-6fc406b2 elementor-section-content-middle elementor-section-boxed elementor-section-height-default elementor-section-height-default\" data-id=\"6fc406b2\" data-element_type=\"section\" data-e-type=\"section\">\n\t\t\t\t\t\t<div class=\"elementor-container elementor-column-gap-no\">\n\t\t\t\t\t<div class=\"elementor-column elementor-col-50 elementor-top-column elementor-element elementor-element-4f59ca59\" data-id=\"4f59ca59\" data-element_type=\"column\" data-e-type=\"column\">\n\t\t\t<div class=\"elementor-widget-wrap elementor-element-populated\">\n\t\t\t\t\t\t<div class=\"elementor-element elementor-element-618e75c0 elementor-widget elementor-widget-image\" data-id=\"618e75c0\" data-element_type=\"widget\" data-e-type=\"widget\" data-widget_type=\"image.default\">\n\t\t\t\t<div class=\"elementor-widget-container\">\n\t\t\t\t\t\t\t\t\t\t\t\t\t\t\t\t<a href=\"https:\/\/www.norceresearch.no\/en\/about-us\">\n\t\t\t\t\t\t\t<img fetchpriority=\"high\" decoding=\"async\" width=\"2108\" height=\"592\" src=\"https:\/\/polnor-leader.eu\/wp-content\/uploads\/2021\/05\/Bez-nazwy-3.png\" class=\"attachment-full size-full wp-image-216\" alt=\"\" srcset=\"https:\/\/polnor-leader.eu\/wp-content\/uploads\/2021\/05\/Bez-nazwy-3.png 2108w, https:\/\/polnor-leader.eu\/wp-content\/uploads\/2021\/05\/Bez-nazwy-3-300x84.png 300w, https:\/\/polnor-leader.eu\/wp-content\/uploads\/2021\/05\/Bez-nazwy-3-1024x288.png 1024w, https:\/\/polnor-leader.eu\/wp-content\/uploads\/2021\/05\/Bez-nazwy-3-768x216.png 768w, https:\/\/polnor-leader.eu\/wp-content\/uploads\/2021\/05\/Bez-nazwy-3-1536x431.png 1536w, https:\/\/polnor-leader.eu\/wp-content\/uploads\/2021\/05\/Bez-nazwy-3-2048x575.png 2048w\" sizes=\"100vw\" \/>\t\t\t\t\t\t\t\t<\/a>\n\t\t\t\t\t\t\t\t\t\t\t\t\t\t\t<\/div>\n\t\t\t\t<\/div>\n\t\t\t\t\t<\/div>\n\t\t<\/div>\n\t\t\t\t<div class=\"elementor-column elementor-col-50 elementor-top-column elementor-element elementor-element-471e77f1\" data-id=\"471e77f1\" data-element_type=\"column\" data-e-type=\"column\">\n\t\t\t<div class=\"elementor-widget-wrap elementor-element-populated\">\n\t\t\t\t\t\t<div class=\"elementor-element elementor-element-483ba8f9 elementor-widget elementor-widget-heading\" data-id=\"483ba8f9\" data-element_type=\"widget\" data-e-type=\"widget\" data-widget_type=\"heading.default\">\n\t\t\t\t<div class=\"elementor-widget-container\">\n\t\t\t\t\t<h4 class=\"elementor-heading-title elementor-size-default\">O NORCE<\/h4>\t\t\t\t<\/div>\n\t\t\t\t<\/div>\n\t\t\t\t<div class=\"elementor-element elementor-element-484b74c7 elementor-widget elementor-widget-text-editor\" data-id=\"484b74c7\" data-element_type=\"widget\" data-e-type=\"widget\" data-widget_type=\"text-editor.default\">\n\t\t\t\t<div class=\"elementor-widget-container\">\n\t\t\t\t\t\t\t\t\t<p>NORCE to jeden z najwi\u0119kszych niezale\u017cnych instytut\u00f3w badawczych w Norwegii, zatrudniaj\u0105cy ponad 800 pracownik\u00f3w z ca\u0142ego \u015bwiata. G\u0142\u00f3wne biuro NORCE znajduje si\u0119 w Bergen, a grupa ma siln\u0105 pozycj\u0119 w Alta, Troms\u00f8, Bardu, Bod\u00f8, Haugesund, Randabergu, Stavanger, Kristiansand, Grimstad i Oslo. Najwi\u0119ksi interesariusze w NORCE to University of Bergen, University of Stavanger, University of Agder oraz UiT The Arctic University of Norway.NORCE Norwegian Research Centre AS to nazwa prawna firmy.<\/p>\t\t\t\t\t\t\t\t<\/div>\n\t\t\t\t<\/div>\n\t\t\t\t\t<\/div>\n\t\t<\/div>\n\t\t\t\t\t<\/div>\n\t\t<\/section>\n\t\t\t\t<section class=\"elementor-section elementor-top-section elementor-element elementor-element-f7efd77 elementor-section-boxed elementor-section-height-default elementor-section-height-default\" data-id=\"f7efd77\" data-element_type=\"section\" data-e-type=\"section\">\n\t\t\t\t\t\t<div class=\"elementor-container elementor-column-gap-default\">\n\t\t\t\t\t<div class=\"elementor-column elementor-col-100 elementor-top-column elementor-element elementor-element-9b7e37e\" data-id=\"9b7e37e\" data-element_type=\"column\" data-e-type=\"column\">\n\t\t\t<div class=\"elementor-widget-wrap elementor-element-populated\">\n\t\t\t\t\t\t<div class=\"elementor-element elementor-element-411f770 elementor-widget elementor-widget-text-editor\" data-id=\"411f770\" data-element_type=\"widget\" data-e-type=\"widget\" data-widget_type=\"text-editor.default\">\n\t\t\t\t<div class=\"elementor-widget-container\">\n\t\t\t\t\t\t\t\t\t<p>Czerpi\u0105c z wiedzy specjalistycznej w wielu dziedzinach i o wysokim kalibrze, NORCE jest wyj\u0105tkowo wyposa\u017cone, aby dostarcza\u0107 now\u0105 wiedz\u0119 i innowacyjne rozwi\u0105zania w swoich sze\u015bciu g\u0142\u00f3wnych obszarach badawczych.<\/p><ol><li>Klimat<\/li><li>Energia<\/li><li>\u015arodowisko<\/li><li>Zdrowie<\/li><li>Nauki spo\u0142eczne<\/li><li>Technologia<\/li><\/ol><p>NORCE jest wiod\u0105c\u0105 instytucj\u0105 w Norwegii zajmuj\u0105c\u0105 si\u0119 rozwojem powietrznych i morskich dron\u00f3w nawodnych, system\u00f3w i us\u0142ug czujnik\u00f3w opartych na dronach. Dzia\u0142ania obejmuj\u0105 opracowywanie niestandardowych platform dron\u00f3w, system\u00f3w sterowania, system\u00f3w komunikacji, czujnik\u00f3w oraz zapewnienie zdatno\u015bci do lotu i zdatno\u015bci do \u017ceglugi. NORCE ma szczeg\u00f3lne kompetencje w zakresie teledetekcji przy u\u017cyciu system\u00f3w optycznych i radarowych na pok\u0142adzie dron\u00f3w, za\u0142ogowych statk\u00f3w powietrznych i satelit\u00f3w. NORCE obecnie u\u017cytkuje samolot badawczy na sta\u0142e stacjonuj\u0105cy w Longyearbyen na Svalbardzie <a href=\"https:\/\/www.norceresearch.no\/en\/insight\/verdens-forste-passasjerfly-for-miljoovervaking-er-norsk\">(https:\/\/www.norceresearch.no\/en\/insight\/verdens-forste-passasjerfly-for-miljoovervaking-er-norsk<\/a>)<\/p>\t\t\t\t\t\t\t\t<\/div>\n\t\t\t\t<\/div>\n\t\t\t\t\t<\/div>\n\t\t<\/div>\n\t\t\t\t\t<\/div>\n\t\t<\/section>\n\t\t\t\t<\/div>\n\t\t","protected":false},"excerpt":{"rendered":"<p>O NORCE NORCE to jeden z najwi\u0119kszych niezale\u017cnych instytut\u00f3w badawczych w Norwegii, zatrudniaj\u0105cy ponad 800 pracownik\u00f3w z ca\u0142ego \u015bwiata. G\u0142\u00f3wne biuro NORCE znajduje si\u0119 w Bergen, a grupa ma siln\u0105 pozycj\u0119 w Alta, Troms\u00f8, Bardu, Bod\u00f8, Haugesund, Randabergu, Stavanger, Kristiansand, Grimstad i Oslo. Najwi\u0119ksi interesariusze w NORCE to University of Bergen, University of Stavanger, University &hellip; <\/p>\n<p class=\"link-more\"><a href=\"https:\/\/polnor-leader.eu\/?page_id=117\" class=\"more-link\">Continue reading<span class=\"screen-reader-text\"> &#8220;NORCE \u2013 NORUT&#8221;<\/span><\/a><\/p>\n","protected":false},"author":1,"featured_media":0,"parent":0,"menu_order":0,"comment_status":"closed","ping_status":"closed","template":"","meta":{"footnotes":""},"class_list":["post-117","page","type-page","status-publish","hentry"],"_links":{"self":[{"href":"https:\/\/polnor-leader.eu\/index.php?rest_route=\/wp\/v2\/pages\/117","targetHints":{"allow":["GET"]}}],"collection":[{"href":"https:\/\/polnor-leader.eu\/index.php?rest_route=\/wp\/v2\/pages"}],"about":[{"href":"https:\/\/polnor-leader.eu\/index.php?rest_route=\/wp\/v2\/types\/page"}],"author":[{"embeddable":true,"href":"https:\/\/polnor-leader.eu\/index.php?rest_route=\/wp\/v2\/users\/1"}],"replies":[{"embeddable":true,"href":"https:\/\/polnor-leader.eu\/index.php?rest_route=%2Fwp%2Fv2%2Fcomments&post=117"}],"version-history":[{"count":25,"href":"https:\/\/polnor-leader.eu\/index.php?rest_route=\/wp\/v2\/pages\/117\/revisions"}],"predecessor-version":[{"id":365,"href":"https:\/\/polnor-leader.eu\/index.php?rest_route=\/wp\/v2\/pages\/117\/revisions\/365"}],"wp:attachment":[{"href":"https:\/\/polnor-leader.eu\/index.php?rest_route=%2Fwp%2Fv2%2Fmedia&parent=117"}],"curies":[{"name":"wp","href":"https:\/\/api.w.org\/{rel}","templated":true}]}}