{"id":114,"date":"2021-03-18T11:04:26","date_gmt":"2021-03-18T10:04:26","guid":{"rendered":"https:\/\/polnor-leader.eu\/?page_id=114"},"modified":"2022-02-27T17:31:41","modified_gmt":"2022-02-27T16:31:41","slug":"ps","status":"publish","type":"page","link":"https:\/\/polnor-leader.eu\/?page_id=114","title":{"rendered":"Politechnika \u015al\u0105ska"},"content":{"rendered":"\t\t<div data-elementor-type=\"wp-page\" data-elementor-id=\"114\" class=\"elementor elementor-114\">\n\t\t\t\t\t\t<section class=\"elementor-section elementor-top-section elementor-element elementor-element-ccf3cdc elementor-section-content-middle elementor-section-boxed elementor-section-height-default elementor-section-height-default\" data-id=\"ccf3cdc\" data-element_type=\"section\" data-e-type=\"section\">\n\t\t\t\t\t\t<div class=\"elementor-container elementor-column-gap-no\">\n\t\t\t\t\t<div class=\"elementor-column elementor-col-50 elementor-top-column elementor-element elementor-element-1a190c3e\" data-id=\"1a190c3e\" data-element_type=\"column\" data-e-type=\"column\">\n\t\t\t<div class=\"elementor-widget-wrap elementor-element-populated\">\n\t\t\t\t\t\t<div class=\"elementor-element elementor-element-67ec4359 elementor-widget elementor-widget-image\" data-id=\"67ec4359\" data-element_type=\"widget\" data-e-type=\"widget\" data-widget_type=\"image.default\">\n\t\t\t\t<div class=\"elementor-widget-container\">\n\t\t\t\t\t\t\t\t\t\t\t\t\t\t\t\t<a href=\"https:\/\/www.polsl.pl\/en\/\">\n\t\t\t\t\t\t\t<img fetchpriority=\"high\" decoding=\"async\" width=\"400\" height=\"400\" src=\"https:\/\/polnor-leader.eu\/wp-content\/uploads\/2022\/02\/cZoaIuWJ_400x400.jpg\" class=\"attachment-full size-full wp-image-347\" alt=\"\" srcset=\"https:\/\/polnor-leader.eu\/wp-content\/uploads\/2022\/02\/cZoaIuWJ_400x400.jpg 400w, https:\/\/polnor-leader.eu\/wp-content\/uploads\/2022\/02\/cZoaIuWJ_400x400-300x300.jpg 300w, https:\/\/polnor-leader.eu\/wp-content\/uploads\/2022\/02\/cZoaIuWJ_400x400-150x150.jpg 150w, https:\/\/polnor-leader.eu\/wp-content\/uploads\/2022\/02\/cZoaIuWJ_400x400-100x100.jpg 100w\" sizes=\"100vw\" \/>\t\t\t\t\t\t\t\t<\/a>\n\t\t\t\t\t\t\t\t\t\t\t\t\t\t\t<\/div>\n\t\t\t\t<\/div>\n\t\t\t\t\t<\/div>\n\t\t<\/div>\n\t\t\t\t<div class=\"elementor-column elementor-col-50 elementor-top-column elementor-element elementor-element-148b11f2\" data-id=\"148b11f2\" data-element_type=\"column\" data-e-type=\"column\">\n\t\t\t<div class=\"elementor-widget-wrap elementor-element-populated\">\n\t\t\t\t\t\t<div class=\"elementor-element elementor-element-41d0af1e elementor-widget elementor-widget-heading\" data-id=\"41d0af1e\" data-element_type=\"widget\" data-e-type=\"widget\" data-widget_type=\"heading.default\">\n\t\t\t\t<div class=\"elementor-widget-container\">\n\t\t\t\t\t<h4 class=\"elementor-heading-title elementor-size-default\">O Politechnice \u015al\u0105skiej\u200b<\/h4>\t\t\t\t<\/div>\n\t\t\t\t<\/div>\n\t\t\t\t<div class=\"elementor-element elementor-element-2d565db8 elementor-widget elementor-widget-text-editor\" data-id=\"2d565db8\" data-element_type=\"widget\" data-e-type=\"widget\" data-widget_type=\"text-editor.default\">\n\t\t\t\t<div class=\"elementor-widget-container\">\n\t\t\t\t\t\t\t\t\t<p>Politechnika \u015al\u0105ska jako jedyna uczelnia na \u015al\u0105sku znalaz\u0142a si\u0119 w presti\u017cowym gronie 10 polskich uczelni, laureat\u00f3w konkursu \u201eInicjatywa Doskona\u0142o\u015bci \u2013 Uczelnia Badawcza\u201d organizowanego przez Ministerstwo Nauki i Szkolnictwa Wy\u017cszego.<\/p>\t\t\t\t\t\t\t\t<\/div>\n\t\t\t\t<\/div>\n\t\t\t\t\t<\/div>\n\t\t<\/div>\n\t\t\t\t\t<\/div>\n\t\t<\/section>\n\t\t\t\t<section class=\"elementor-section elementor-top-section elementor-element elementor-element-a17f8da elementor-section-boxed elementor-section-height-default elementor-section-height-default\" data-id=\"a17f8da\" data-element_type=\"section\" data-e-type=\"section\">\n\t\t\t\t\t\t<div class=\"elementor-container elementor-column-gap-default\">\n\t\t\t\t\t<div class=\"elementor-column elementor-col-100 elementor-top-column elementor-element elementor-element-b55bbcb\" data-id=\"b55bbcb\" data-element_type=\"column\" data-e-type=\"column\">\n\t\t\t<div class=\"elementor-widget-wrap elementor-element-populated\">\n\t\t\t\t\t\t<div class=\"elementor-element elementor-element-5ef79c9 elementor-widget elementor-widget-text-editor\" data-id=\"5ef79c9\" data-element_type=\"widget\" data-e-type=\"widget\" data-widget_type=\"text-editor.default\">\n\t\t\t\t<div class=\"elementor-widget-container\">\n\t\t\t\t\t\t\t\t\t<p>Wydzia\u0142 Mechaniczny Technologiczny<\/p><p>Wydzia\u0142 wsp\u00f3\u0142pracuje z ponad 150 uczelniami na ca\u0142ym \u015bwiecie. Ponadto ma jeden z najwy\u017cszych wska\u017anik\u00f3w wymian zagranicznych student\u00f3w (co roku prawie 80 student\u00f3w i doktorant\u00f3w rozpoczyna studia semestralne w niemal ka\u017cdym kraju europejskim, g\u0142\u00f3wnie w ramach program\u00f3w CEEPUS i ERASMUS).<\/p><p>Wydzia\u0142 mo\u017ce pochwali\u0107 si\u0119 udan\u0105 wsp\u00f3\u0142prac\u0105 z licznymi firmami i przedsi\u0119biorstwami dzia\u0142aj\u0105cymi w obszarze automatyki przemys\u0142owej i robotyki, projektowania maszyn, materia\u0142oznawstwa, spawalnictwa, odlewnictwa, przetw\u00f3rstwa PVC i in\u017cynierii produkcji.<\/p>\t\t\t\t\t\t\t\t<\/div>\n\t\t\t\t<\/div>\n\t\t\t\t\t<\/div>\n\t\t<\/div>\n\t\t\t\t\t<\/div>\n\t\t<\/section>\n\t\t\t\t<\/div>\n\t\t","protected":false},"excerpt":{"rendered":"<p>O Politechnice \u015al\u0105skiej\u200b Politechnika \u015al\u0105ska jako jedyna uczelnia na \u015al\u0105sku znalaz\u0142a si\u0119 w presti\u017cowym gronie 10 polskich uczelni, laureat\u00f3w konkursu \u201eInicjatywa Doskona\u0142o\u015bci \u2013 Uczelnia Badawcza\u201d organizowanego przez Ministerstwo Nauki i Szkolnictwa Wy\u017cszego. Wydzia\u0142 Mechaniczny Technologiczny Wydzia\u0142 wsp\u00f3\u0142pracuje z ponad 150 uczelniami na ca\u0142ym \u015bwiecie. Ponadto ma jeden z najwy\u017cszych wska\u017anik\u00f3w wymian zagranicznych student\u00f3w (co roku &hellip; <\/p>\n<p class=\"link-more\"><a href=\"https:\/\/polnor-leader.eu\/?page_id=114\" class=\"more-link\">Continue reading<span class=\"screen-reader-text\"> &#8220;Politechnika \u015al\u0105ska&#8221;<\/span><\/a><\/p>\n","protected":false},"author":1,"featured_media":0,"parent":0,"menu_order":0,"comment_status":"closed","ping_status":"closed","template":"","meta":{"footnotes":""},"class_list":["post-114","page","type-page","status-publish","hentry"],"_links":{"self":[{"href":"https:\/\/polnor-leader.eu\/index.php?rest_route=\/wp\/v2\/pages\/114","targetHints":{"allow":["GET"]}}],"collection":[{"href":"https:\/\/polnor-leader.eu\/index.php?rest_route=\/wp\/v2\/pages"}],"about":[{"href":"https:\/\/polnor-leader.eu\/index.php?rest_route=\/wp\/v2\/types\/page"}],"author":[{"embeddable":true,"href":"https:\/\/polnor-leader.eu\/index.php?rest_route=\/wp\/v2\/users\/1"}],"replies":[{"embeddable":true,"href":"https:\/\/polnor-leader.eu\/index.php?rest_route=%2Fwp%2Fv2%2Fcomments&post=114"}],"version-history":[{"count":20,"href":"https:\/\/polnor-leader.eu\/index.php?rest_route=\/wp\/v2\/pages\/114\/revisions"}],"predecessor-version":[{"id":350,"href":"https:\/\/polnor-leader.eu\/index.php?rest_route=\/wp\/v2\/pages\/114\/revisions\/350"}],"wp:attachment":[{"href":"https:\/\/polnor-leader.eu\/index.php?rest_route=%2Fwp%2Fv2%2Fmedia&parent=114"}],"curies":[{"name":"wp","href":"https:\/\/api.w.org\/{rel}","templated":true}]}}